{"id":2922,"date":"2021-09-15T10:38:05","date_gmt":"2021-09-15T10:38:05","guid":{"rendered":"https:\/\/wordpress.vecurosoft.com\/haarino\/?page_id=2922"},"modified":"2025-11-05T13:48:31","modified_gmt":"2025-11-05T13:48:31","slug":"contato","status":"publish","type":"page","link":"https:\/\/capelliconcetto.com.br\/index.php\/contato\/","title":{"rendered":"Contato"},"content":{"rendered":"\t\t<div data-elementor-type=\"wp-page\" data-elementor-id=\"2922\" class=\"elementor elementor-2922\">\n\t\t\t\t\t\t<section class=\"elementor-section elementor-top-section elementor-element elementor-element-8e5ceb7 elementor-section-full_width elementor-section-height-default elementor-section-height-default\" data-id=\"8e5ceb7\" data-element_type=\"section\">\n\t\t\t\t\t\t<div class=\"elementor-container elementor-column-gap-no\">\n\t\t\t\t\t<div class=\"elementor-column elementor-col-100 elementor-top-column elementor-element elementor-element-39e5d06\" data-id=\"39e5d06\" data-element_type=\"column\">\n\t\t\t<div class=\"elementor-widget-wrap elementor-element-populated\">\n\t\t\t\t\t\t<section class=\"elementor-section elementor-inner-section elementor-element elementor-element-d64002c elementor-section-boxed elementor-section-height-default elementor-section-height-default\" data-id=\"d64002c\" data-element_type=\"section\">\n\t\t\t\t\t\t<div class=\"elementor-container elementor-column-gap-no\">\n\t\t\t\t\t<div class=\"elementor-column elementor-col-100 elementor-inner-column elementor-element elementor-element-bbde69e\" data-id=\"bbde69e\" data-element_type=\"column\">\n\t\t\t<div class=\"elementor-widget-wrap elementor-element-populated\">\n\t\t\t\t\t\t<div class=\"elementor-element elementor-element-4e00da9 elementor-widget elementor-widget-haarmaxsectiontitle\" data-id=\"4e00da9\" data-element_type=\"widget\" data-widget_type=\"haarmaxsectiontitle.default\">\n\t\t\t\t<div class=\"elementor-widget-container\">\n\t\t\t\t\t<div class=\"section-title\" ><div class=\"sec-icon\"><img decoding=\"async\" src=\"https:\/\/wordpress.vecurosoft.com\/haarino\/wp-content\/uploads\/2021\/09\/sec-icon.png\" alt=\"sec icon\"  \/><\/div><h2 class=\"sec-title title-selector\">Qual seu pr\u00f3ximo visual<\/h2><p class=\"desc\">Agende Seu  Hor\u00e1rio<\/p><\/div>\t\t\t\t<\/div>\n\t\t\t\t<\/div>\n\t\t\t\t\t<\/div>\n\t\t<\/div>\n\t\t\t\t\t<\/div>\n\t\t<\/section>\n\t\t\t\t<section class=\"elementor-section elementor-inner-section elementor-element elementor-element-734e419 elementor-section-boxed elementor-section-height-default elementor-section-height-default\" data-id=\"734e419\" data-element_type=\"section\">\n\t\t\t\t\t\t<div class=\"elementor-container elementor-column-gap-no\">\n\t\t\t\t\t<div class=\"elementor-column elementor-col-50 elementor-inner-column elementor-element elementor-element-3c869e1\" data-id=\"3c869e1\" data-element_type=\"column\">\n\t\t\t<div class=\"elementor-widget-wrap elementor-element-populated\">\n\t\t\t\t\t\t<div class=\"elementor-element elementor-element-53a81c3 elementor-widget elementor-widget-shortcode\" data-id=\"53a81c3\" data-element_type=\"widget\" data-widget_type=\"shortcode.default\">\n\t\t\t\t\t\t\t<div class=\"elementor-shortcode\">\n<div class=\"wpcf7 no-js\" id=\"wpcf7-f3246-o1\" lang=\"en-US\" dir=\"ltr\" data-wpcf7-id=\"3246\">\n<div class=\"screen-reader-response\"><p role=\"status\" aria-live=\"polite\" aria-atomic=\"true\"><\/p> <ul><\/ul><\/div>\n<form action=\"\/index.php\/wp-json\/wp\/v2\/pages\/2922#wpcf7-f3246-o1\" method=\"post\" class=\"wpcf7-form init\" aria-label=\"Contact form\" novalidate=\"novalidate\" data-status=\"init\">\n<fieldset class=\"hidden-fields-container\"><input type=\"hidden\" name=\"_wpcf7\" value=\"3246\" \/><input type=\"hidden\" name=\"_wpcf7_version\" value=\"6.1.2\" \/><input type=\"hidden\" name=\"_wpcf7_locale\" value=\"en_US\" \/><input type=\"hidden\" name=\"_wpcf7_unit_tag\" value=\"wpcf7-f3246-o1\" \/><input type=\"hidden\" name=\"_wpcf7_container_post\" value=\"0\" \/><input type=\"hidden\" name=\"_wpcf7_posted_data_hash\" value=\"\" \/>\n<\/fieldset>\n<div class=\"row gx-20\"><div class=\"form-group col-12\"><span class=\"wpcf7-form-control-wrap\" data-name=\"text-717\"><input size=\"40\" maxlength=\"400\" class=\"wpcf7-form-control wpcf7-text wpcf7-validates-as-required form-control style3\" id=\"name\" aria-required=\"true\" aria-invalid=\"false\" placeholder=\"Your Name *\" value=\"\" type=\"text\" name=\"text-717\" \/><\/span><\/div>\n<div class=\"form-group col-12\"><span class=\"wpcf7-form-control-wrap\" data-name=\"email-5\"><input size=\"40\" maxlength=\"400\" class=\"wpcf7-form-control wpcf7-email wpcf7-validates-as-required wpcf7-text wpcf7-validates-as-email form-control style3\" id=\"email\" aria-required=\"true\" aria-invalid=\"false\" placeholder=\"Your Email *\" value=\"\" type=\"email\" name=\"email-5\" \/><\/span><\/div>\n<div class=\"form-group col-12\"><span class=\"wpcf7-form-control-wrap\" data-name=\"text-919\"><input size=\"40\" maxlength=\"400\" class=\"wpcf7-form-control wpcf7-text wpcf7-validates-as-required form-control style3\" aria-required=\"true\" aria-invalid=\"false\" placeholder=\"Phone No *\" value=\"\" type=\"text\" name=\"text-919\" \/><\/span><\/div>\n<div class=\"form-group col-12\"><span class=\"wpcf7-form-control-wrap\" data-name=\"menu-718\"><select class=\"wpcf7-form-control wpcf7-select wpcf7-validates-as-required form-select style3\" aria-required=\"true\" aria-invalid=\"false\" name=\"menu-718\"><option value=\"Hair Cut\">Hair Cut<\/option><option value=\"Hair Clean\">Hair Clean<\/option><option value=\"Head Massage\">Head Massage<\/option><option value=\"Classic Style\">Classic Style<\/option><\/select><\/span><\/div>\n<div class=\"form-group col-12\"><span class=\"wpcf7-form-control-wrap\" data-name=\"textarea-945\"><textarea cols=\"40\" rows=\"10\" maxlength=\"2000\" class=\"wpcf7-form-control wpcf7-textarea form-control style3\" aria-invalid=\"false\" placeholder=\"Message *\" name=\"textarea-945\"><\/textarea><\/span><\/div>\n<div class=\"form-btn col-12\"><button class=\"vs-btn wpcf7-submit\">Send Message<\/button><\/div><\/div><div class=\"wpcf7-response-output\" aria-hidden=\"true\"><\/div>\n<\/form>\n<\/div>\n<\/div>\n\t\t\t\t\t\t<\/div>\n\t\t\t\t\t<\/div>\n\t\t<\/div>\n\t\t\t\t<div class=\"elementor-column elementor-col-50 elementor-inner-column elementor-element elementor-element-f6a9f73\" data-id=\"f6a9f73\" data-element_type=\"column\">\n\t\t\t<div class=\"elementor-widget-wrap elementor-element-populated\">\n\t\t\t\t\t\t<div class=\"elementor-element elementor-element-b9bf4c3 elementor-widget elementor-widget-text-editor\" data-id=\"b9bf4c3\" data-element_type=\"widget\" data-widget_type=\"text-editor.default\">\n\t\t\t\t\t\t\t\t\t<div class=\"vs-info-table\"><table><tbody><tr><td>Cidade:<\/td><td>S\u00e3o Bernardo do Campo<\/td><\/tr><tr><td><p>Unidade\u00a0Tabo\u00e3o:<\/p><p>Rudge Ramos:<\/p><\/td><td><p>Av. do Tabo\u00e3o n\u00b03.611<\/p><p>Av. Senador Vergueiro, 4527<\/p><\/td><\/tr><tr><td><p>Telefone Tabo\u00e3o:<\/p><p>Telefone Rudge Ramos<\/p><\/td><td><p><a class=\"text-reset d-inline\" href=\"(11) 96358-1481\">(11) 96358-1481<\/a><\/p><p>\u00a0<\/p><p>\u00a0<a class=\"text-inherit\" href=\"tel:(11)944717141\">(11) 94471-7141<\/a><\/p><\/td><\/tr><tr><td>Email:<\/td><td><a class=\"text-reset d-inline\" href=\"mailto:contato@capelliconcetto.com.br\">contato@capelliconcetto.com.br<\/a><\/td><\/tr><tr><td>Aberto:<\/td><td><p>Segunda &#8211; S\u00e1bado: 09hs &#8211; 22hs<\/p><p>Domingo: 09hs &#8211; 18hs\u00a0<\/p><\/td><\/tr><\/tbody><\/table><\/div>\t\t\t\t\t\t\t\t<\/div>\n\t\t\t\t\t<\/div>\n\t\t<\/div>\n\t\t\t\t\t<\/div>\n\t\t<\/section>\n\t\t\t\t<section class=\"elementor-section elementor-inner-section elementor-element elementor-element-f389f16 elementor-section-boxed elementor-section-height-default elementor-section-height-default\" data-id=\"f389f16\" data-element_type=\"section\">\n\t\t\t\t\t\t<div class=\"elementor-container elementor-column-gap-no\">\n\t\t\t\t\t<div class=\"elementor-column elementor-col-50 elementor-inner-column elementor-element elementor-element-28b8c1b\" data-id=\"28b8c1b\" data-element_type=\"column\">\n\t\t\t<div class=\"elementor-widget-wrap elementor-element-populated\">\n\t\t\t\t\t\t<div class=\"elementor-element elementor-element-1926dd9 elementor-widget elementor-widget-google_maps\" data-id=\"1926dd9\" data-element_type=\"widget\" data-widget_type=\"google_maps.default\">\n\t\t\t\t\t\t\t<div class=\"elementor-custom-embed\">\n\t\t\t<iframe loading=\"lazy\"\n\t\t\t\t\tsrc=\"https:\/\/maps.google.com\/maps?q=Capelli%20Concetto%20Sal%C3%A3o%20de%20Beleza%20e%20Barbearia%20-%20Tabo%C3%A3o%20-%20S%C3%A3o%20Bernardo%20do%20Campo&#038;t=m&#038;z=14&#038;output=embed&#038;iwloc=near\"\n\t\t\t\t\ttitle=\"Capelli Concetto Sal\u00e3o de Beleza e Barbearia - Tabo\u00e3o - S\u00e3o Bernardo do Campo\"\n\t\t\t\t\taria-label=\"Capelli Concetto Sal\u00e3o de Beleza e Barbearia - Tabo\u00e3o - S\u00e3o Bernardo do Campo\"\n\t\t\t><\/iframe>\n\t\t<\/div>\n\t\t\t\t\t\t<\/div>\n\t\t\t\t\t<\/div>\n\t\t<\/div>\n\t\t\t\t<div class=\"elementor-column elementor-col-50 elementor-inner-column elementor-element elementor-element-b53447c\" data-id=\"b53447c\" data-element_type=\"column\">\n\t\t\t<div class=\"elementor-widget-wrap elementor-element-populated\">\n\t\t\t\t\t\t<div class=\"elementor-element elementor-element-da7da41 elementor-widget elementor-widget-google_maps\" data-id=\"da7da41\" data-element_type=\"widget\" data-widget_type=\"google_maps.default\">\n\t\t\t\t\t\t\t<div class=\"elementor-custom-embed\">\n\t\t\t<iframe loading=\"lazy\"\n\t\t\t\t\tsrc=\"https:\/\/maps.google.com\/maps?q=Capelli%20Concetto%20Sal%C3%A3o%20de%20Beleza%20-%20Rudge%20Ramos%20-%20S%C3%A3o%20Bernardo%20do%20Campo&#038;t=m&#038;z=13&#038;output=embed&#038;iwloc=near\"\n\t\t\t\t\ttitle=\"Capelli Concetto Sal\u00e3o de Beleza - Rudge Ramos - S\u00e3o Bernardo do Campo\"\n\t\t\t\t\taria-label=\"Capelli Concetto Sal\u00e3o de Beleza - Rudge Ramos - S\u00e3o Bernardo do Campo\"\n\t\t\t><\/iframe>\n\t\t<\/div>\n\t\t\t\t\t\t<\/div>\n\t\t\t\t\t<\/div>\n\t\t<\/div>\n\t\t\t\t\t<\/div>\n\t\t<\/section>\n\t\t\t\t\t<\/div>\n\t\t<\/div>\n\t\t\t\t\t<\/div>\n\t\t<\/section>\n\t\t\t\t<section class=\"elementor-section elementor-top-section elementor-element elementor-element-bac9ce5 elementor-section-full_width elementor-section-height-default elementor-section-height-default\" data-id=\"bac9ce5\" data-element_type=\"section\">\n\t\t\t\t\t\t<div class=\"elementor-container elementor-column-gap-no\">\n\t\t\t\t\t<div class=\"elementor-column elementor-col-100 elementor-top-column elementor-element elementor-element-15073d2\" data-id=\"15073d2\" data-element_type=\"column\">\n\t\t\t<div class=\"elementor-widget-wrap elementor-element-populated\">\n\t\t\t\t\t\t<section class=\"elementor-section elementor-inner-section elementor-element elementor-element-a412541 elementor-section-full_width elementor-section-height-default elementor-section-height-default\" data-id=\"a412541\" data-element_type=\"section\">\n\t\t\t\t\t\t<div class=\"elementor-container elementor-column-gap-no\">\n\t\t\t\t\t<div class=\"elementor-column elementor-col-100 elementor-inner-column elementor-element elementor-element-151e234\" data-id=\"151e234\" data-element_type=\"column\">\n\t\t\t<div class=\"elementor-widget-wrap elementor-element-populated\">\n\t\t\t\t\t\t<div class=\"elementor-element elementor-element-abc4d33 elementor-widget elementor-widget-haarmaxtestimonialslider\" data-id=\"abc4d33\" data-element_type=\"widget\" data-widget_type=\"haarmaxtestimonialslider.default\">\n\t\t\t\t<div class=\"elementor-widget-container\">\n\t\t\t\t\t<section class=\"vs-testimonial-wrapper\"><div class=\"container position-relative\"><div class=\"avater-fly vs-carousel d-none d-lg-block\" id=\"avaterfly\"><div class=\"avater\"><img decoding=\"async\" src=\"https:\/\/wordpress.vecurosoft.com\/haarino\/wp-content\/uploads\/2021\/09\/avater-1-1.png\" alt=\"avater 1 1\"  \/><\/div><div class=\"avater\"><img decoding=\"async\" src=\"https:\/\/wordpress.vecurosoft.com\/haarino\/wp-content\/uploads\/2021\/09\/avater-1-3.png\" alt=\"avater 1 3\"  \/><\/div><div class=\"avater\"><img decoding=\"async\" src=\"https:\/\/wordpress.vecurosoft.com\/haarino\/wp-content\/uploads\/2021\/09\/avater-1-2.png\" alt=\"avater 1 2\"  \/><\/div><div class=\"avater\"><img decoding=\"async\" src=\"https:\/\/wordpress.vecurosoft.com\/haarino\/wp-content\/uploads\/2021\/09\/avater-1-4.png\" alt=\"avater 1 4\"  \/><\/div><div class=\"avater\"><img decoding=\"async\" src=\"https:\/\/wordpress.vecurosoft.com\/haarino\/wp-content\/uploads\/2021\/09\/avater-1-5.png\" alt=\"avater 1 5\"  \/><\/div><\/div><div class=\"row justify-content-center\"><div class=\"col-lg-9 col-xl-7\"><div id=\"testimonialslide1\" class=\"testimonial-one vs-carousel\"><div class=\"vs-testimonial\"><span class=\"quote-icon\"><img decoding=\"async\" src=\"https:\/\/wordpress.vecurosoft.com\/haarino\/wp-content\/uploads\/2021\/09\/quote.png\" alt=\"quote\"  \/><\/span><div class=\"testimonial-desc\"><p>Eu simplesmente amei o atendimento! As meninas s\u00e3o super atenciosas e entenderam exatamente o que eu queria. Sa\u00ed do sal\u00e3o me sentindo renovada e confiante. J\u00e1 virei cliente fiel!<\/p><\/div><div class=\"author\"><h3 class=\"author-name\">Mariana Silva<\/h3><span class=\"author-degi\">Unidade Rudge Ramos<\/span><\/div><\/div><div class=\"vs-testimonial\"><span class=\"quote-icon\"><img decoding=\"async\" src=\"https:\/\/wordpress.vecurosoft.com\/haarino\/wp-content\/uploads\/2021\/09\/quote.png\" alt=\"quote\"  \/><\/span><div class=\"testimonial-desc\"><p>Gente, que experi\u00eancia incr\u00edvel! Meu cabelo nunca ficou t\u00e3o lindo! A escova durou dias e o corte ficou perfeito. Al\u00e9m disso, o ambiente \u00e9 leve e acolhedor. Super recomendo!<\/p><\/div><div class=\"author\"><h3 class=\"author-name\">Camila Rocha<\/h3><span class=\"author-degi\">Unidade Tabo\u00e3o<\/span><\/div><\/div><div class=\"vs-testimonial\"><span class=\"quote-icon\"><img decoding=\"async\" src=\"https:\/\/wordpress.vecurosoft.com\/haarino\/wp-content\/uploads\/2021\/09\/quote.png\" alt=\"quote\"  \/><\/span><div class=\"testimonial-desc\"><p>Fazia tempo que eu n\u00e3o me olhava no espelho e me sentia bonita. No sal\u00e3o, al\u00e9m de cuidarem do meu cabelo, cuidaram da minha autoestima. Sa\u00ed com o cora\u00e7\u00e3o leve e o cabelo maravilhoso!<\/p><\/div><div class=\"author\"><h3 class=\"author-name\">Patr\u00edcia Almeida<\/h3><span class=\"author-degi\">Unidade Rudge Ramos<\/span><\/div><\/div><div class=\"vs-testimonial\"><span class=\"quote-icon\"><img decoding=\"async\" src=\"https:\/\/wordpress.vecurosoft.com\/haarino\/wp-content\/uploads\/2021\/09\/quote.png\" alt=\"quote\"  \/><\/span><div class=\"testimonial-desc\"><p>Sou muito exigente com meu cabelo e o atendimento do sal\u00e3o superou minhas expectativas. T\u00e9cnicas modernas, produtos de qualidade e uma equipe extremamente profissional. Resultado impec\u00e1vel!<\/p><\/div><div class=\"author\"><h3 class=\"author-name\">Renata Moura<\/h3><span class=\"author-degi\">Unidade Tabo\u00e3o<\/span><\/div><\/div><div class=\"vs-testimonial\"><span class=\"quote-icon\"><img decoding=\"async\" src=\"https:\/\/wordpress.vecurosoft.com\/haarino\/wp-content\/uploads\/2021\/09\/quote.png\" alt=\"quote\"  \/><\/span><div class=\"testimonial-desc\"><p>Ambiente incr\u00edvel, atendimento nota 10 e cabelo perfeito! Sempre saio me sentindo uma nova mulher.<\/p><\/div><div class=\"author\"><h3 class=\"author-name\">Juliana Santos<\/h3><span class=\"author-degi\">Unidade Tabo\u00e3o<\/span><\/div><\/div><\/div><\/div><\/div><div class=\"testimonial-arrow d-flex justify-content-center gap-4\"><button data-slick-prev=\"#testimonialslide1\" class=\"slick-arrow slick-prev\"><span class=\"long-arrow\"><\/span><\/button><button data-slick-next=\"#testimonialslide1\" class=\"slick-arrow slick-next\"><span class=\"long-arrow\"><\/span><\/button><\/div><\/div><\/section>\t\t\t\t<\/div>\n\t\t\t\t<\/div>\n\t\t\t\t\t<\/div>\n\t\t<\/div>\n\t\t\t\t\t<\/div>\n\t\t<\/section>\n\t\t\t\t\t<\/div>\n\t\t<\/div>\n\t\t\t\t\t<\/div>\n\t\t<\/section>\n\t\t\t\t<\/div>\n\t\t","protected":false},"excerpt":{"rendered":"<p>Qual seu pr\u00f3ximo visual Agende Seu Hor\u00e1rio Cidade: S\u00e3o Bernardo do Campo Unidade\u00a0Tabo\u00e3o: Rudge Ramos: Av. do Tabo\u00e3o n\u00b03.611 Av. Senador Vergueiro, 4527 Telefone Tabo\u00e3o: Telefone Rudge Ramos (11) 96358-1481 \u00a0 \u00a0(11) 94471-7141 Email: contato@capelliconcetto.com.br Aberto: Segunda &#8211; S\u00e1bado: 09hs &#8211; 22hs Domingo: 09hs &#8211; 18hs\u00a0 Eu simplesmente amei o atendimento! As meninas s\u00e3o super&#8230;<\/p>\n","protected":false},"author":1,"featured_media":0,"parent":0,"menu_order":0,"comment_status":"closed","ping_status":"closed","template":"template-builder.php","meta":{"_monsterinsights_skip_tracking":false,"_monsterinsights_sitenote_active":false,"_monsterinsights_sitenote_note":"","_monsterinsights_sitenote_category":0,"footnotes":""},"class_list":["post-2922","page","type-page","status-publish","hentry"],"_links":{"self":[{"href":"https:\/\/capelliconcetto.com.br\/index.php\/wp-json\/wp\/v2\/pages\/2922","targetHints":{"allow":["GET"]}}],"collection":[{"href":"https:\/\/capelliconcetto.com.br\/index.php\/wp-json\/wp\/v2\/pages"}],"about":[{"href":"https:\/\/capelliconcetto.com.br\/index.php\/wp-json\/wp\/v2\/types\/page"}],"author":[{"embeddable":true,"href":"https:\/\/capelliconcetto.com.br\/index.php\/wp-json\/wp\/v2\/users\/1"}],"replies":[{"embeddable":true,"href":"https:\/\/capelliconcetto.com.br\/index.php\/wp-json\/wp\/v2\/comments?post=2922"}],"version-history":[{"count":22,"href":"https:\/\/capelliconcetto.com.br\/index.php\/wp-json\/wp\/v2\/pages\/2922\/revisions"}],"predecessor-version":[{"id":7546,"href":"https:\/\/capelliconcetto.com.br\/index.php\/wp-json\/wp\/v2\/pages\/2922\/revisions\/7546"}],"wp:attachment":[{"href":"https:\/\/capelliconcetto.com.br\/index.php\/wp-json\/wp\/v2\/media?parent=2922"}],"curies":[{"name":"wp","href":"https:\/\/api.w.org\/{rel}","templated":true}]}}